{"id":76,"date":"2018-01-26T14:41:33","date_gmt":"2018-01-26T14:41:33","guid":{"rendered":"http:\/\/gaardsdal.dk\/?page_id=76"},"modified":"2018-02-12T10:52:35","modified_gmt":"2018-02-12T10:52:35","slug":"schaeferhunden","status":"publish","type":"page","link":"https:\/\/www.gaardsdal.dk\/index.php\/schaeferhunden\/","title":{"rendered":"Sch\u00e6ferhunden"},"content":{"rendered":"<p>[et_pb_section bb_built=&#8221;1&#8243; _builder_version=&#8221;3.0.47&#8243;][et_pb_row _builder_version=&#8221;3.0.97&#8243;][et_pb_column type=&#8221;1_3&#8243;][et_pb_image src=&#8221;http:\/\/gaardsdal.dk\/wp-content\/uploads\/2018\/02\/tegning-300&#215;231.png&#8221; _builder_version=&#8221;3.0.97&#8243;]<br \/>\n[\/et_pb_image][\/et_pb_column][et_pb_column type=&#8221;2_3&#8243;][et_pb_text _builder_version=&#8221;3.0.97&#8243; background_layout=&#8221;light&#8221;]<\/p>\n<p>FFCI<br \/>\nStandard Nr 166<br \/>\n(Oprindelsesland: Tyskland)<\/p>\n<h2>Sch\u00e6ferhund<\/h2>\n<p><span style=\"font-size: large;\"><strong>Historie:<\/strong><\/span><br \/>\nSch\u00e6ferhunden, hvis planm\u00e6ssige avl begyndte i 1899 ved grundl\u00e6ggelsen af<br \/>\nVerein f\u00fcr\u00a0Deutsche Sch\u00e4ferhunde,\u00a0er fremavlet af mellem- og sydtyske racer, der dengang var til r\u00e5dighed, med det m\u00e5l at skabe en h\u00f8jtydende brugshund. For at opn\u00e5 dette m\u00e5l, fastlagde man Sch\u00e6ferhundens racestandard, der beskriver s\u00e5vel dens legemlige beskaffenhed som dens v\u00e6sens- og karakteregenskaber.<\/p>\n<p><strong>Anvendelse:<\/strong><br \/>\nAlsidig brugs-, hyrde- og tjenestehund.<\/p>\n<p><strong>Helhedsindtryk:<\/strong><br \/>\nSch\u00e6ferhunden er middelstor, let langstrakt, kraftig. Knoglebygningen er t\u00f8r, og sener og band er faste.<br \/>\nVigtige<\/p>\n<p><span style=\"font-size: small;\"><strong>M\u00e5leforhold:<\/strong><\/span><br \/>\nSkulderh\u00f8jden er for hanner 60-65 cm, for t\u00e6ver 55-60 cm. Kropsl\u00e6ngden er fra10 til 17% st\u00f8rre end skulderh\u00f8jden.<br \/>\nV\u00e6sen:\u00a0Sch\u00e6ferhunden skal i sit v\u00e6sen v\u00e6re harmonisk, nervefast, selvsikker, absolut frimodig og (n\u00e5r den ikke er bragt i affekt) fuldst\u00e6ndig fredelig, og samtidig v\u00e6re opm\u00e6rksom og let at f\u00f8re. Den skal besidde mod, kampdrift og h\u00e5rdhed for at v\u00e6re egnet som ledsagehund, vagt-, forsvars- og tjenestehund samt som hyrdehund\/vogterhund.<\/p>\n<p><strong>Hoved:<\/strong><br \/>\nHovedet er kileformet og svarer i st\u00f8rrelse til kroppen {dets l\u00e6ngde er ca. 40% af skulderh\u00f8jden), uden at v\u00e6re groft eller overdrevent langt. Hovedet som helhed virker t\u00f8rt og er moderat bredt mellem \u00f8rerne. Set forfra og fra siden er panden kun let hv\u00e6lvet, uden eller med kun svagt antydet midterfure. Forholdet mellem skalle og n\u00e6separti er som 50% til 50%. Skallens bredde svarer omtrent til dens l\u00e6ngde. Skallen bliver (set fra oven) gradvis smallere fra \u00f8rerne mod n\u00e6sen og g\u00e5r med det skr\u00e5t forl\u00f8bende, ikke skarpt udformede stop over i n\u00e6separtiet. Over- og underk\u00e6be er kraftigt udviklede. N\u00e6seryggen er lige og \u00f8nskes hverken sadelformet eller hv\u00e6lvet. L\u00e6berne er stramme, godt sluttende og af m\u00f8rk farve.<\/p>\n<p><strong>N\u00e6se:<\/strong><br \/>\nSkal v\u00e6re sort.<\/p>\n<p><strong>Bid:<\/strong><br \/>\nSkal v\u00e6re kraftigt, sundt og fuldst\u00e6ndigt ( 42 trender svarende til tandformlen). Sch\u00e6ferhunden har saksebid, d.v,s. at fort\u00e6nderne som klingerne p\u00e5 en saks griber over hinanden s\u00e5dan, at overk\u00e6bens fort\u00e6nder sk\u00e6rer ned foran under- t\u00e6nderne. Tangbid, over- og underbid er fejl, ligeledes for store mellemrum mellem t\u00e6nderne (spredt tandstilling). Det er ogs\u00e5 en fejl, hvis fort\u00e6nderne er placeret i en ret linie. K\u00e6beknoglerne skal v\u00e6re kraftigt udviklede for at give trenderne dybt f\u00e6ste i k\u00e6bebenet.<\/p>\n<p><strong>\u00d8jne:<\/strong><br \/>\nMiddelstore, mandelformede, let skr\u00e5tstillede og ikke fremtr\u00e6dende. \u00d8jenfarven skal v\u00e6re s\u00e5 m\u00f8rk som muligt. Lyse, stikkende \u00f8jne \u00f8nskes ikke, da de sk\u00e6mmer hundens udtryk.<\/p>\n<p><strong>\u00d8rer:<\/strong><br \/>\nSch\u00e6ferhunden har middelstore St\u00e5-\u00f8rer, der b\u00e6res rejste og ensartede (ikke drejet ud mod siderne) .De l\u00f8ber ud i en spids og vender \u00f8re\u00e5bningen fremefter. Kip\u00f8rer og h\u00e6nge\u00f8rer er en fejl. Det er ikke en fejl, n\u00e5r \u00f8rerne under bev\u00e6gelse eller i hvilestilling b\u00e6res tilbagelagt.<\/p>\n<p><strong>Hals:<\/strong><br \/>\nHalsen skal v\u00e6re kraftig, godt muskul\u00f8s og uden l\u00f8s halshud. Vinklen mellem hals og krop (vandret) er ca. 45\u00b0.<br \/>\nKrop:<br \/>\nOverlinien forl\u00f8ber uden synlig afbrydelse fra halsens ans\u00e6tning over den veludviklede manke og den i forhold til vandret ganske let faldende ryg, til det let faldende kryds. Ryggen er fast, kraftig og velforsynet med muskler. L\u00e6nden er bred, kraftigt udviklet og godt muskul\u00f8s. Krydset skal v\u00e6re langt og let faldende (ca. 23\u00b0 mod vandret), og g\u00e5r uden afbrydelse af overlinien over i hale-ansatsen .<\/p>\n<p><strong>Brystet:<\/strong><br \/>\nSkal v\u00e6re moderat bredt, underbrystet s\u00e5 langt og markeret som muligt. Brystdybden skal udg\u00f8re fra 45 til 48% af skulder- h\u00f8jden. Ribbenene skal v\u00e6re moderat hv\u00e6lvede. En t\u00f8ndeformet brystkasse er lige s\u00e5 fejlagtig som en fladribbet.<\/p>\n<p><strong>Halen:<\/strong><br \/>\nN\u00e5r mindst til haseleddet, dog ikke l\u00e6ngere end til midt p\u00e5 mellemfoden. Den har en noget l\u00e6ngere beh\u00e5ring p\u00e5 undersiden og b\u00e6res i en bl\u00f8dt nedh\u00e6ngende bue<br \/>\nN\u00e5r hunden er opildnet og under bev\u00e6gelse, b\u00e6res halen h\u00f8jere, dog aldrig over vandret. Operative, korrigerende indgreb er forbudt.<\/p>\n<p><strong>Forpart:<\/strong><br \/>\nForbenene er set fra alle sider lige, og set forfra absolut parallelle. Skulderblad og overarm er lige lange og er ved kraftig muskulatur fast lejret mod kroppen. Vinklen mellem skulderblad og overarm er ideelt 90 , oftest dog op til110\u00b0. Albuerne m\u00e5 hverken i stand eller under bev\u00e6gelse drejes udefter, og lige s\u00e5 lidt m\u00e5 de v\u00e6re indtrukne. Underarmene er set fra alle sider lige og stillet absolut parallelt med hinanden, t\u00f8rre og med fast muskulatur. Mellemh\u00e5nden har en l\u00e6ngde p\u00e5 ca. 1\/3 af underarmen og danner med den en vinkel p\u00e5 ca. 22\u00b0. s\u00e5vel for skratstillet mellemh\u00e5nd (over 22\u00b0) som for stejl ( under 20\u00b0) forringer brugsegnetheden, is\u00e6r udholdenheden.<\/p>\n<p><strong>Poterne:<\/strong><br \/>\nEr rundagtige, godt sluttede og hv\u00e6lvede, med h\u00e5rde, men ikke sprukne tr\u00e6depuder. Kl\u00f8erne er kraftige og m\u00f8rkfarvede.<\/p>\n<p><strong>Bagpart:<\/strong><br \/>\nBagbenene er stillet let bagud, og set bagfra parallelle. Over- og underl\u00e5r er omtrent af samme l\u00e6ngde og danner en vinkel p\u00e5 ca. 120\u00b0. K\u00f8llerne er kraftige og godt muskul\u00f8se.<\/p>\n<p><strong>Haseleddet:<\/strong><br \/>\nEr kraftigt udviklet og fast, og mellemfoden stillet lodret under haseleddet. Poterne Er sluttede, let hv\u00e6lvede, med h\u00e5rde, m\u00f8rkfarvede tr\u00e6depuder. Kl\u00f8erne er kraftige, krumme og ligeledes m\u00f8rkfarvede.<\/p>\n<p><strong>Bev\u00e6gelse:<\/strong><br \/>\nSch\u00e6ferhunden er en traver. Lemmerne skal v\u00e6re afstemt s\u00e5dan efter hinanden i l\u00e6ngde og vinkling, at hunden uden v\u00e6sentlig \u00e6ndring af ryglinien kan f\u00f8re bagbenet frem til kroppen og foretage et n\u00f8je tilsvarende fremgreb med forbenet. Enhver tendens til overvinkling af bagparten forringer fasthed og udholdenhed og dermed brugsdygtigheden. Ved korrekte bygningsforhold og vinkling opn\u00e5s en jordvindende gangart, der forl\u00f8ber lavt hen over jorden og giver indtryk af en let og ubesv\u00e6ret bev\u00e6gelse fremad. Da hovedet holdes fremstrakt, og halen er let l\u00f8ftet, dannes i regelm\u00e6ssigt og roligt trav, en bl\u00f8dt svungen og ubrudt ryglinie fra \u00f8respidserne hen over nakke og ryg til halespids.<\/p>\n<p><strong>Hud:<\/strong><br \/>\nHuden er (l\u00f8st) tilliggende, uden dog at danne folder.<\/p>\n<p><strong>Pels:<\/strong><br \/>\n<strong>H\u00e5rlag:<\/strong><br \/>\nSch\u00e6ferhundens korrekte h\u00e5rlag er Stockhar med underuld. D\u00e6kpelsen skal v\u00e6re s\u00e5 t\u00e6t som muligt, lige, grov og fast tilliggende. P\u00e5 hovedet, herunder indvendigt i \u00f8rerne, p\u00e5 forsiden af benene, p\u00e5 poter og t\u00e6er er pelsen kort, p\u00e5 halsen noget l\u00e6ngere og kraftigere. P\u00e5 bagsiden af benene er pelsen l\u00e6ngere ned til h\u00e5ndrod hhv. haseled, og p\u00e5 l\u00e5renes bagside danner den moderate bukser.<br \/>\n<strong>Farve:<\/strong><br \/>\nSort med r\u00f8dbrune, brune, gule til lyst gr\u00e5 aftegninger. Ensfarvet sort eller gr\u00e5, hos gr\u00e5 hunde m\u00f8rkere schatteringer. Sort sadel og maske. Ubetydelige, hvide aftegninger p\u00e5 brystet s\u00e5vel som meget lyse indersider af benene er tilladte, men u\u00f8nskede. N\u00e6sen skal hos alle farvevarianter v\u00e6re sort. Manglende maske, lys eller stikkende \u00f8jenfarve, s\u00e5vel som lyse til hvidlige aftegninger p\u00e5 brystet og indvendig p\u00e5 benene, lyse kl\u00f8er og r\u00f8d halespids, bed\u00f8mmes som pigmentsvaghed. Underulden har en let gr\u00e5tone. Farven hvid er ikke tilladt.<\/p>\n<p><strong>St\u00f8rrelse, v\u00e6gt:<\/strong><br \/>\nSkulderh\u00f8jde hanner 60-65 cm, v\u00e6gt 30-40 kg t\u00e6ver 55-60 cm v\u00e6gt 22-32 kg.<\/p>\n<p><strong>Fejl:<\/strong><br \/>\nEnhver afvigelse fra de foreg\u00e5ende punkter betragtes som en fejl, hvis betydning for bed\u00f8mmelsen skal st\u00e5 i n\u00f8je forhold til afvigelsens omfang.<\/p>\n<p><strong>Alvorlige fejl:<\/strong><br \/>\nAfvigelser fra den foran beskrevne racestandard, der forringer brugsegenskaberne.<\/p>\n<p><strong>\u00d8re fejl:<\/strong><br \/>\nFor lavt ansatte ved hovedets sider, kip indadstillede \u00f8rer, bl\u00f8de \u00f8rer.<br \/>\nBetydelige pigment mangler .<br \/>\nSt\u00e6rkt mangelfuld fasthed i bygningen.<\/p>\n<p><strong>Tandfejl:<\/strong><br \/>\nEnhver afvigelse fra saksebid og fra tandformlen, med mindre der er tale om en diskvalificerende fejl<\/p>\n<p><strong>Diskvalificerende\u00a0fejl:<\/strong><br \/>\nA) V\u00e6senssvage, bidske eller nervesvage hunde.<br \/>\nB) Hunde med p\u00e5vist sv\u00e6r HD\u2019.<br \/>\nC) Monorchide og kryptorchide, s\u00e5vel som hunde med tydeligt uens<br \/>\neller mangelfuldt udviklede testikler.<br \/>\nD) Hunde med skr\u00e6mmende \u00f8re- eller halefejl.<br \/>\nE) Hunde med misdannelser.<br \/>\nF) Hunde med tandmangler i flg. tilf\u00e6lde:<br \/>\n\u2013 en p3 plus yderligere en tand, eller<br \/>\n\u2013 en hj\u00f8rnetand, eller<br \/>\n\u2013 en p4, eller<br \/>\n\u2013 en m1 eller m2, eller<br \/>\n\u2013 tre eller flere manglende t\u00e6nder. Hunde med k\u00e6befejl:<br \/>\n\u2013 overbid p\u00e5 2 mm og derover ,<br \/>\n\u2013 underbid,<br \/>\n\u2013 tangbid for samtlige fort\u00e6nder.<br \/>\nH) Hunde med mere end 1 cm over- eller underst\u00f8rrelse.<br \/>\nI) Albinisme.<br \/>\nJ) Pelsfarven hvid (ogs\u00e5 selvom \u00f8jne og kl\u00f8er er m\u00f8rke).<br \/>\nK) Lang-stockharede, d.v.s. med lang, bl\u00f8d, ikke fast tilliggende d\u00e6kpels med underuld,<br \/>\nfaner p\u00e5 \u00f8rer og ben, buskede bukser og busket hale med fane p\u00e5 undersiden.<br \/>\nL) Langh\u00e5rede, d.v.s. med lang, bl\u00f8d d\u00e6kpels uden underuld, oftest skilt langs midten af ryggen, faner p\u00e5 \u00f8rer, ben og hale.<\/p>\n<p><strong>Bem\u00e6rk:<br \/>\n<\/strong>Hanhunde skal have to normalt udviklede testikler i pungen.<br \/>\nDansk Kennel Klubs bem\u00e6rkning:<br \/>\nForhold, der p\u00e5virker en hunds sundhed negativt, betragtes som en alvorlig fejl<\/p>\n<p>[\/et_pb_text][\/et_pb_column][\/et_pb_row][\/et_pb_section]<\/p>\n","protected":false},"excerpt":{"rendered":"<p>[et_pb_section bb_built=&#8221;1&#8243; _builder_version=&#8221;3.0.47&#8243;][et_pb_row _builder_version=&#8221;3.0.97&#8243;][et_pb_column type=&#8221;1_3&#8243;][et_pb_image src=&#8221;http:\/\/gaardsdal.dk\/wp-content\/uploads\/2018\/02\/tegning-300&#215;231.png&#8221; _builder_version=&#8221;3.0.97&#8243;] [\/et_pb_image][\/et_pb_column][et_pb_column type=&#8221;2_3&#8243;][et_pb_text _builder_version=&#8221;3.0.97&#8243; background_layout=&#8221;light&#8221;] FFCI Standard Nr 166 (Oprindelsesland: Tyskland) Sch\u00e6ferhund Historie: Sch\u00e6ferhunden, hvis planm\u00e6ssige avl begyndte i 1899 ved grundl\u00e6ggelsen af Verein f\u00fcr\u00a0Deutsche Sch\u00e4ferhunde,\u00a0er fremavlet af mellem- og sydtyske racer, der dengang var til r\u00e5dighed, med det m\u00e5l at skabe en h\u00f8jtydende brugshund. For at opn\u00e5 dette [&hellip;]<\/p>\n","protected":false},"author":1,"featured_media":0,"parent":0,"menu_order":0,"comment_status":"closed","ping_status":"closed","template":"","meta":{"footnotes":""},"class_list":["post-76","page","type-page","status-publish","hentry"],"_links":{"self":[{"href":"https:\/\/www.gaardsdal.dk\/index.php\/wp-json\/wp\/v2\/pages\/76","targetHints":{"allow":["GET"]}}],"collection":[{"href":"https:\/\/www.gaardsdal.dk\/index.php\/wp-json\/wp\/v2\/pages"}],"about":[{"href":"https:\/\/www.gaardsdal.dk\/index.php\/wp-json\/wp\/v2\/types\/page"}],"author":[{"embeddable":true,"href":"https:\/\/www.gaardsdal.dk\/index.php\/wp-json\/wp\/v2\/users\/1"}],"replies":[{"embeddable":true,"href":"https:\/\/www.gaardsdal.dk\/index.php\/wp-json\/wp\/v2\/comments?post=76"}],"version-history":[{"count":10,"href":"https:\/\/www.gaardsdal.dk\/index.php\/wp-json\/wp\/v2\/pages\/76\/revisions"}],"predecessor-version":[{"id":237,"href":"https:\/\/www.gaardsdal.dk\/index.php\/wp-json\/wp\/v2\/pages\/76\/revisions\/237"}],"wp:attachment":[{"href":"https:\/\/www.gaardsdal.dk\/index.php\/wp-json\/wp\/v2\/media?parent=76"}],"curies":[{"name":"wp","href":"https:\/\/api.w.org\/{rel}","templated":true}]}}