{"id":51,"date":"2018-01-25T23:58:34","date_gmt":"2018-01-25T23:58:34","guid":{"rendered":"http:\/\/gaardsdal.dk\/?page_id=51"},"modified":"2018-02-12T10:51:59","modified_gmt":"2018-02-12T10:51:59","slug":"heiko","status":"publish","type":"page","link":"https:\/\/www.gaardsdal.dk\/index.php\/heiko\/","title":{"rendered":"Heiko"},"content":{"rendered":"<p>[et_pb_section bb_built=&#8221;1&#8243;][et_pb_row][et_pb_column type=&#8221;1_3&#8243;][et_pb_image _builder_version=&#8221;3.0.97&#8243; show_in_lightbox=&#8221;off&#8221; url_new_window=&#8221;off&#8221; src=&#8221;http:\/\/gaardsdal.dk\/wp-content\/uploads\/2018\/02\/heiko_20050201_0073.jpg&#8221; always_center_on_mobile=&#8221;on&#8221; use_overlay=&#8221;off&#8221; force_fullwidth=&#8221;off&#8221; show_bottom_space=&#8221;on&#8221; \/][\/et_pb_column][et_pb_column type=&#8221;2_3&#8243;][et_pb_text _builder_version=&#8221;3.0.97&#8243; background_layout=&#8221;light&#8221;]<\/p>\n<div style=\"direction: ltr; border-width: 100%;\">\n<div style=\"direction: ltr; margin-top: 0in; margin-left: 0in; width: 7.5979in;\">\n<div style=\"direction: ltr; margin-top: 0in; margin-left: 0in; width: 7.5979in;\">\n<h2 style=\"margin: 0in; font-family: Raleway; font-size: 18.0pt; color: #4f4f4f;\"><span style=\"font-weight: bold;\">Heiko<\/span><\/h2>\n<p style=\"margin: 0in; font-family: Calibri; font-size: 11.0pt; color: #4f4f4f;\">Heiko er en gr\u00e5 sch\u00e6ferhund. Heiko fik jeg da han var 8 mdr. gammel fra kennel Rimo\u2019s som skulle lukke. Jeg var ovre og se p\u00e5 ham, og var ikke et \u00f8jeblik i tvivl om at han skulle afl\u00f8se min gamle hund Isak, som jeg desv\u00e6rre m\u00e5tte aflive p\u00e5 grund af sygdom.<\/p>\n<p style=\"margin: 0in; font-family: Calibri; font-size: 11.0pt; color: #4f4f4f;\">Her er de forskellige data om Heiko, som det har v\u00e6ret mulig at finde frem<\/p>\n<p style=\"margin: 0in; font-family: Calibri; font-size: 11.0pt; color: #4f4f4f;\">F\u00f8dt: 08 November 2000<\/p>\n<p style=\"margin: 0in; font-family: Calibri; font-size: 11.0pt; color: #4f4f4f;\">D\u00f8d: 09 Juli 2011.<\/p>\n<div style=\"direction: ltr;\">\n<table style=\"direction: ltr; border-collapse: collapse; border: 1pt solid #A3A3A3;\" border=\"1\" cellspacing=\"0\" cellpadding=\"0\">\n<tbody>\n<tr>\n<td style=\"vertical-align: top; width: 1.4812in; padding: 2.0pt 3.0pt 2.0pt 3.0pt; border: 1pt solid #A3A3A3;\">\n<p style=\"margin: 0in; font-family: Calibri; font-size: 11.0pt;\">Racenavn<\/p>\n<\/td>\n<td style=\"vertical-align: top; width: 1.3138in; padding: 2.0pt 3.0pt 2.0pt 3.0pt; border: 1pt solid #A3A3A3;\">\n<p style=\"margin: 0in; font-family: Calibri; font-size: 11.0pt;\">Sch\u00e6ferhund<\/p>\n<\/td>\n<\/tr>\n<tr>\n<td style=\"vertical-align: top; width: 1.4812in; padding: 2.0pt 3.0pt 2.0pt 3.0pt; border: 1pt solid #A3A3A3;\">\n<p style=\"margin: 0in; font-family: Calibri; font-size: 11.0pt;\">Kennelnavn<\/p>\n<\/td>\n<td style=\"vertical-align: top; width: 1.3138in; padding: 2.0pt 3.0pt 2.0pt 3.0pt; border: 1pt solid #A3A3A3;\">\n<p style=\"margin: 0in; font-family: Calibri; font-size: 11.0pt;\">Rimo\u2019s<\/p>\n<\/td>\n<\/tr>\n<tr>\n<td style=\"vertical-align: top; width: 1.4812in; padding: 2.0pt 3.0pt 2.0pt 3.0pt; border: 1pt solid #A3A3A3;\">\n<p style=\"margin: 0in; font-family: Calibri; font-size: 11.0pt;\">Hundens navn<\/p>\n<\/td>\n<td style=\"vertical-align: top; width: 1.3138in; padding: 2.0pt 3.0pt 2.0pt 3.0pt; border: 1pt solid #A3A3A3;\">\n<p style=\"margin: 0in; font-family: Calibri; font-size: 11.0pt;\">Rimo\u2019s Heiko<\/p>\n<\/td>\n<\/tr>\n<tr>\n<td style=\"vertical-align: top; width: 1.4812in; padding: 2.0pt 3.0pt 2.0pt 3.0pt; border: 1pt solid #A3A3A3;\">\n<p style=\"margin: 0in; font-family: Calibri; font-size: 11.0pt;\">DKK reg.nr<\/p>\n<\/td>\n<td style=\"vertical-align: top; width: 1.3138in; padding: 2.0pt 3.0pt 2.0pt 3.0pt; border: 1pt solid #A3A3A3;\">\n<p style=\"margin: 0in; font-family: Calibri; font-size: 11.0pt;\">20098\/2000<\/p>\n<\/td>\n<\/tr>\n<tr>\n<td style=\"vertical-align: top; width: 1.4812in; padding: 2.0pt 3.0pt 2.0pt 3.0pt; border: 1pt solid #A3A3A3;\">\n<p style=\"margin: 0in; font-family: Calibri; font-size: 11.0pt;\">Kuld nr.<\/p>\n<\/td>\n<td style=\"vertical-align: top; width: 1.3138in; padding: 2.0pt 3.0pt 2.0pt 3.0pt; border: 1pt solid #A3A3A3;\">\n<p style=\"margin: 0in; font-family: Calibri; font-size: 11.0pt;\">182469 (03, 05)<\/p>\n<\/td>\n<\/tr>\n<tr>\n<td style=\"vertical-align: top; width: 1.4812in; padding: 2.0pt 3.0pt 2.0pt 3.0pt; border: 1pt solid #A3A3A3;\">\n<p style=\"margin: 0in; font-family: Calibri; font-size: 11.0pt;\">Identifikations nr.<\/p>\n<\/td>\n<td style=\"vertical-align: top; width: 1.3138in; padding: 2.0pt 3.0pt 2.0pt 3.0pt; border: 1pt solid #A3A3A3;\">\n<p style=\"margin: 0in; font-family: Calibri; font-size: 11.0pt;\">S43352<\/p>\n<\/td>\n<\/tr>\n<tr>\n<td style=\"vertical-align: top; width: 1.4812in; padding: 2.0pt 3.0pt 2.0pt 3.0pt; border: 1pt solid #A3A3A3;\">\n<p style=\"margin: 0in; font-family: Calibri; font-size: 11.0pt;\">F\u00f8dselsdato<\/p>\n<\/td>\n<td style=\"vertical-align: top; width: 1.3659in; padding: 2.0pt 3.0pt 2.0pt 3.0pt; border: 1pt solid #A3A3A3;\">\n<p style=\"margin: 0in; font-family: Calibri; font-size: 11.0pt;\">08 November 2000<\/p>\n<\/td>\n<\/tr>\n<tr>\n<td style=\"vertical-align: top; width: 1.5006in; padding: 2.0pt 3.0pt 2.0pt 3.0pt; border: 1pt solid #A3A3A3;\">\n<p style=\"margin: 0in; font-family: Calibri; font-size: 11.0pt;\">Farve og aftegninger<\/p>\n<\/td>\n<td style=\"vertical-align: top; width: 1.3638in; padding: 2.0pt 3.0pt 2.0pt 3.0pt; border: 1pt solid #A3A3A3;\">\n<p style=\"margin: 0in; font-family: Calibri; font-size: 11.0pt;\">Gr\u00e5<\/p>\n<p style=\"margin: 0in; font-family: Calibri; font-size: 11.0pt;\">GR.<\/p>\n<\/td>\n<\/tr>\n<\/tbody>\n<\/table>\n<\/div>\n<p style=\"margin: 0in; font-family: Calibri; font-size: 11.0pt; color: #4f4f4f;\">Kopi af Stambogscertifikat:<\/p>\n<div style=\"direction: ltr;\">\n<table style=\"direction: ltr; border-collapse: collapse; border: 1pt solid #A3A3A3;\" border=\"1\" cellspacing=\"0\" cellpadding=\"0\">\n<tbody>\n<tr>\n<td style=\"vertical-align: top; width: .6673in; padding: 2.0pt 3.0pt 2.0pt 3.0pt; border: 1pt solid #A3A3A3;\">\n<p style=\"margin: 0in; font-family: Calibri; font-size: 11.0pt;\">Far<\/p>\n<\/td>\n<td style=\"vertical-align: top; width: 1.7027in; padding: 2.0pt 3.0pt 2.0pt 3.0pt; border: 1pt solid #A3A3A3;\">\n<p style=\"margin: 0in; font-family: Calibri; font-size: 11.0pt;\">Agung Vom Kiebitzende<\/p>\n<p style=\"margin: 0in; font-family: Calibri; font-size: 11.0pt;\">27330\/94\u00a0\u00a0\u00a0 GR<\/p>\n<p style=\"margin: 0in; font-family: Calibri; font-size: 11.0pt;\">95<\/p>\n<\/td>\n<td style=\"vertical-align: top; width: 1.6111in; padding: 2.0pt 3.0pt 2.0pt 3.0pt; border: 1pt solid #A3A3A3;\">\n<p style=\"margin: 0in; font-family: Calibri; font-size: 11.0pt;\">BHP1, BHP2, AK, BHP3<\/p>\n<\/td>\n<td style=\"vertical-align: top; width: .5in; padding: 2.0pt 3.0pt 2.0pt 3.0pt; border: 1pt solid #A3A3A3;\">\n<p style=\"margin: 0in; font-family: Calibri; font-size: 11.0pt;\">B2<\/p>\n<\/td>\n<\/tr>\n<tr>\n<td style=\"vertical-align: top; width: .6673in; padding: 2.0pt 3.0pt 2.0pt 3.0pt; border: 1pt solid #A3A3A3;\">\n<p style=\"margin: 0in; font-family: Calibri; font-size: 11.0pt;\">Mor<\/p>\n<\/td>\n<td style=\"vertical-align: top; width: 1.6833in; padding: 2.0pt 3.0pt 2.0pt 3.0pt; border: 1pt solid #A3A3A3;\">\n<p style=\"margin: 0in; font-family: Calibri; font-size: 11.0pt;\">Jabina Ina<\/p>\n<p style=\"margin: 0in; font-family: Calibri; font-size: 11.0pt;\">24734\/95\u00a0\u00a0\u00a0 S\/B<\/p>\n<p style=\"margin: 0in; font-family: Calibri; font-size: 11.0pt;\">97<\/p>\n<\/td>\n<td style=\"vertical-align: top; width: 1.5916in; padding: 2.0pt 3.0pt 2.0pt 3.0pt; border: 1pt solid #A3A3A3;\">\n<p style=\"margin: 0in; font-family: Calibri; font-size: 11.0pt;\">UHP, BHP1, AK<\/p>\n<\/td>\n<td style=\"vertical-align: top; width: .5in; padding: 2.0pt 3.0pt 2.0pt 3.0pt; border: 1pt solid #A3A3A3;\">\n<p style=\"margin: 0in; font-family: Calibri; font-size: 11.0pt;\">A2<\/p>\n<\/td>\n<\/tr>\n<\/tbody>\n<\/table>\n<\/div>\n<div style=\"direction: ltr;\">\n<table style=\"direction: ltr; border-collapse: collapse; border: 1pt solid #A3A3A3;\" border=\"1\" cellspacing=\"0\" cellpadding=\"0\">\n<tbody>\n<tr>\n<td style=\"vertical-align: top; width: .7145in; padding: 2.0pt 3.0pt 2.0pt 3.0pt; border: 1pt solid #A3A3A3;\">\n<p style=\"margin: 0in; font-family: Calibri; font-size: 11.0pt;\">Farfar<\/p>\n<\/td>\n<td style=\"vertical-align: top; width: 2.0534in; padding: 2.0pt 3.0pt 2.0pt 3.0pt; border: 1pt solid #A3A3A3;\">\n<p style=\"margin: 0in; font-family: Calibri; font-size: 11.0pt;\">Laines Vom Leipheimer Moor<\/p>\n<p style=\"margin: 0in; font-family: Calibri; font-size: 11.0pt;\">AK-D, SCHH3<\/p>\n<p style=\"margin: 0in; font-family: Calibri; font-size: 11.0pt;\">SZ 1779861<\/p>\n<\/td>\n<td style=\"vertical-align: top; width: .6673in; padding: 2.0pt 3.0pt 2.0pt 3.0pt; border: 1pt solid #A3A3A3;\">\n<p style=\"margin: 0in; font-family: Calibri; font-size: 11.0pt;\">A2<\/p>\n<\/td>\n<td style=\"vertical-align: top; width: 1.0381in; padding: 2.0pt 3.0pt 2.0pt 3.0pt; border: 1pt solid #A3A3A3;\">\n<p style=\"margin: 0in; font-family: Calibri; font-size: 11.0pt;\">Farfarsfar<\/p>\n<\/td>\n<td style=\"vertical-align: top; width: 2.4097in; padding: 2.0pt 3.0pt 2.0pt 3.0pt; border: 1pt solid #A3A3A3;\">\n<p style=\"margin: 0in; font-family: Calibri; font-size: 11.0pt;\">Ilko V. Peko Haus<\/p>\n<p style=\"margin: 0in; font-family: Calibri; font-size: 11.0pt;\">AK-D, VH3<\/p>\n<p style=\"margin: 0in; font-family: Calibri; font-size: 11.0pt;\">SZ 1726081<\/p>\n<p style=\"margin: 0in; font-family: Calibri; font-size: 11.0pt;\">\n<\/td>\n<td style=\"vertical-align: top; width: .5in; padding: 2.0pt 3.0pt 2.0pt 3.0pt; border: 1pt solid #A3A3A3;\">\n<p style=\"margin: 0in; font-family: Calibri; font-size: 11.0pt;\">A2<\/p>\n<\/td>\n<\/tr>\n<tr>\n<td style=\"vertical-align: top; width: .7145in; padding: 2.0pt 3.0pt 2.0pt 3.0pt; border: 1pt solid #A3A3A3;\">\n<p style=\"margin: 0in; font-family: Calibri; font-size: 11.0pt;\">\n<\/td>\n<td style=\"vertical-align: top; width: 2.034in; padding: 2.0pt 3.0pt 2.0pt 3.0pt; border: 1pt solid #A3A3A3;\">\n<p style=\"margin: 0in; font-family: Calibri; font-size: 11.0pt;\">\n<\/td>\n<td style=\"vertical-align: top; width: .6673in; padding: 2.0pt 3.0pt 2.0pt 3.0pt; border: 1pt solid #A3A3A3;\">\n<p style=\"margin: 0in; font-family: Calibri; font-size: 11.0pt;\">\n<\/td>\n<td style=\"vertical-align: top; width: 1.0381in; padding: 2.0pt 3.0pt 2.0pt 3.0pt; border: 1pt solid #A3A3A3;\">\n<p style=\"margin: 0in; font-family: Calibri; font-size: 11.0pt;\">Farfarsmor<\/p>\n<\/td>\n<td style=\"vertical-align: top; width: 2.4097in; padding: 2.0pt 3.0pt 2.0pt 3.0pt; border: 1pt solid #A3A3A3;\">\n<p style=\"margin: 0in; font-family: Calibri; font-size: 11.0pt;\">Zita Vom Karlmitblick<\/p>\n<p style=\"margin: 0in; font-family: Calibri; font-size: 11.0pt;\">AK-D, SCHH3, FH<\/p>\n<p style=\"margin: 0in; font-family: Calibri; font-size: 11.0pt;\">SZ 1705615<\/p>\n<\/td>\n<td style=\"vertical-align: top; width: .5in; padding: 2.0pt 3.0pt 2.0pt 3.0pt; border: 1pt solid #A3A3A3;\">\n<p style=\"margin: 0in; font-family: Calibri; font-size: 11.0pt;\">B2<\/p>\n<\/td>\n<\/tr>\n<tr>\n<td style=\"vertical-align: top; width: .7145in; padding: 2.0pt 3.0pt 2.0pt 3.0pt; border: 1pt solid #A3A3A3;\">\n<p style=\"margin: 0in; font-family: Calibri; font-size: 11.0pt;\">Farmor<\/p>\n<\/td>\n<td style=\"vertical-align: top; width: 2.0534in; padding: 2.0pt 3.0pt 2.0pt 3.0pt; border: 1pt solid #A3A3A3;\">\n<p style=\"margin: 0in; font-family: Calibri; font-size: 11.0pt;\">Flocke Vom Leipheimer Moor<\/p>\n<p style=\"margin: 0in; font-family: Calibri; font-size: 11.0pt;\">AK-D, SCHH3, FH<\/p>\n<p style=\"margin: 0in; font-family: Calibri; font-size: 11.0pt;\">SZ 1748067<\/p>\n<\/td>\n<td style=\"vertical-align: top; width: .6673in; padding: 2.0pt 3.0pt 2.0pt 3.0pt; border: 1pt solid #A3A3A3;\">\n<p style=\"margin: 0in; font-family: Calibri; font-size: 11.0pt;\">C2<\/p>\n<\/td>\n<td style=\"vertical-align: top; width: 1.0381in; padding: 2.0pt 3.0pt 2.0pt 3.0pt; border: 1pt solid #A3A3A3;\">\n<p style=\"margin: 0in; font-family: Calibri; font-size: 11.0pt;\">Farmorsfar<\/p>\n<\/td>\n<td style=\"vertical-align: top; width: 2.4097in; padding: 2.0pt 3.0pt 2.0pt 3.0pt; border: 1pt solid #A3A3A3;\">\n<p style=\"margin: 0in; font-family: Calibri; font-size: 11.0pt;\">Armin Vom Mendele<\/p>\n<p style=\"margin: 0in; font-family: Calibri; font-size: 11.0pt;\">AK-D, SCHH3, FH<\/p>\n<p style=\"margin: 0in; font-family: Calibri; font-size: 11.0pt;\">SZ 1672935<\/p>\n<\/td>\n<td style=\"vertical-align: top; width: .5in; padding: 2.0pt 3.0pt 2.0pt 3.0pt; border: 1pt solid #A3A3A3;\">\n<p style=\"margin: 0in; font-family: Calibri; font-size: 11.0pt;\">A2<\/p>\n<\/td>\n<\/tr>\n<tr>\n<td style=\"vertical-align: top; width: .7145in; padding: 2.0pt 3.0pt 2.0pt 3.0pt; border: 1pt solid #A3A3A3;\">\n<p style=\"margin: 0in; font-family: Calibri; font-size: 11.0pt;\">\n<\/td>\n<td style=\"vertical-align: top; width: 2.034in; padding: 2.0pt 3.0pt 2.0pt 3.0pt; border: 1pt solid #A3A3A3;\">\n<p style=\"margin: 0in; font-family: Calibri; font-size: 11.0pt;\">\n<\/td>\n<td style=\"vertical-align: top; width: .6673in; padding: 2.0pt 3.0pt 2.0pt 3.0pt; border: 1pt solid #A3A3A3;\">\n<p style=\"margin: 0in; font-family: Calibri; font-size: 11.0pt;\">\n<\/td>\n<td style=\"vertical-align: top; width: 1.0381in; padding: 2.0pt 3.0pt 2.0pt 3.0pt; border: 1pt solid #A3A3A3;\">\n<p style=\"margin: 0in; font-family: Calibri; font-size: 11.0pt;\">Farmorsmor<\/p>\n<\/td>\n<td style=\"vertical-align: top; width: 2.4097in; padding: 2.0pt 3.0pt 2.0pt 3.0pt; border: 1pt solid #A3A3A3;\">\n<p style=\"margin: 0in; font-family: Calibri; font-size: 11.0pt;\">Jenny Vom K\u00f6rbelbach<\/p>\n<p style=\"margin: 0in; font-family: Calibri; font-size: 11.0pt;\">AK-D, SCHH3, FH, IPO3<\/p>\n<p style=\"margin: 0in; font-family: Calibri; font-size: 11.0pt;\">SZ 1543554<\/p>\n<\/td>\n<td style=\"vertical-align: top; width: .5in; padding: 2.0pt 3.0pt 2.0pt 3.0pt; border: 1pt solid #A3A3A3;\">\n<p style=\"margin: 0in; font-family: Calibri; font-size: 11.0pt;\">A2<\/p>\n<\/td>\n<\/tr>\n<tr>\n<td style=\"vertical-align: top; width: .7145in; padding: 2.0pt 3.0pt 2.0pt 3.0pt; border: 1pt solid #A3A3A3;\">\n<p style=\"margin: 0in; font-family: Calibri; font-size: 11.0pt;\">Morfar<\/p>\n<\/td>\n<td style=\"vertical-align: top; width: 2.034in; padding: 2.0pt 3.0pt 2.0pt 3.0pt; border: 1pt solid #A3A3A3;\">\n<p style=\"margin: 0in; font-family: Calibri; font-size: 11.0pt;\">Lobo Vom Waldhang<\/p>\n<p style=\"margin: 0in; font-family: Calibri; font-size: 11.0pt;\">AK-D, SCHH2, SCHH3<\/p>\n<p style=\"margin: 0in; font-family: Calibri; font-size: 11.0pt;\">SZ 1816092<\/p>\n<\/td>\n<td style=\"vertical-align: top; width: .6673in; padding: 2.0pt 3.0pt 2.0pt 3.0pt; border: 1pt solid #A3A3A3;\">\n<p style=\"margin: 0in; font-family: Calibri; font-size: 11.0pt;\">A2<\/p>\n<\/td>\n<td style=\"vertical-align: top; width: 1.0381in; padding: 2.0pt 3.0pt 2.0pt 3.0pt; border: 1pt solid #A3A3A3;\">\n<p style=\"margin: 0in; font-family: Calibri; font-size: 11.0pt;\">Morfarsfar<\/p>\n<\/td>\n<td style=\"vertical-align: top; width: 2.4291in; padding: 2.0pt 3.0pt 2.0pt 3.0pt; border: 1pt solid #A3A3A3;\">\n<p style=\"margin: 0in; font-family: Calibri; font-size: 11.0pt;\">Troll Vom Der B\u00f6sen Nachbarschaft<\/p>\n<p style=\"margin: 0in; font-family: Calibri; font-size: 11.0pt;\">AK-D, SCHH3<\/p>\n<p style=\"margin: 0in; font-family: Calibri; font-size: 11.0pt;\">SZ 1688832<\/p>\n<\/td>\n<td style=\"vertical-align: top; width: .5in; padding: 2.0pt 3.0pt 2.0pt 3.0pt; border: 1pt solid #A3A3A3;\">\n<p style=\"margin: 0in; font-family: Calibri; font-size: 11.0pt;\">A2<\/p>\n<\/td>\n<\/tr>\n<tr>\n<td style=\"vertical-align: top; width: .7145in; padding: 2.0pt 3.0pt 2.0pt 3.0pt; border: 1pt solid #A3A3A3;\">\n<p style=\"margin: 0in; font-family: Calibri; font-size: 11.0pt;\">\n<\/td>\n<td style=\"vertical-align: top; width: 2.034in; padding: 2.0pt 3.0pt 2.0pt 3.0pt; border: 1pt solid #A3A3A3;\">\n<p style=\"margin: 0in; font-family: Calibri; font-size: 11.0pt;\">\n<\/td>\n<td style=\"vertical-align: top; width: .6673in; padding: 2.0pt 3.0pt 2.0pt 3.0pt; border: 1pt solid #A3A3A3;\">\n<p style=\"margin: 0in; font-family: Calibri; font-size: 11.0pt;\">\n<\/td>\n<td style=\"vertical-align: top; width: 1.0381in; padding: 2.0pt 3.0pt 2.0pt 3.0pt; border: 1pt solid #A3A3A3;\">\n<p style=\"margin: 0in; font-family: Calibri; font-size: 11.0pt;\">Morfarsmor<\/p>\n<\/td>\n<td style=\"vertical-align: top; width: 2.4097in; padding: 2.0pt 3.0pt 2.0pt 3.0pt; border: 1pt solid #A3A3A3;\">\n<p style=\"margin: 0in; font-family: Calibri; font-size: 11.0pt;\">Rona Vom Waldhang<\/p>\n<p style=\"margin: 0in; font-family: Calibri; font-size: 11.0pt;\">SCHH1, AK-D<\/p>\n<p style=\"margin: 0in; font-family: Calibri; font-size: 11.0pt;\">SZ 1735034<\/p>\n<\/td>\n<td style=\"vertical-align: top; width: .5in; padding: 2.0pt 3.0pt 2.0pt 3.0pt; border: 1pt solid #A3A3A3;\">\n<p style=\"margin: 0in; font-family: Calibri; font-size: 11.0pt;\">*<\/p>\n<\/td>\n<\/tr>\n<tr>\n<td style=\"vertical-align: top; width: .734in; padding: 2.0pt 3.0pt 2.0pt 3.0pt; border: 1pt solid #A3A3A3;\">\n<p style=\"margin: 0in; font-family: Calibri; font-size: 11.0pt;\">Mormor<\/p>\n<\/td>\n<td style=\"vertical-align: top; width: 2.034in; padding: 2.0pt 3.0pt 2.0pt 3.0pt; border: 1pt solid #A3A3A3;\">\n<p style=\"margin: 0in; font-family: Calibri; font-size: 11.0pt;\">Gitti Vom Salztalblick<\/p>\n<p style=\"margin: 0in; font-family: Calibri; font-size: 11.0pt;\">AK-D, SCHH2, SCHH3<\/p>\n<p style=\"margin: 0in; font-family: Calibri; font-size: 11.0pt;\">08867\/95\u00a0\u00a0\u00a0 S\/G<\/p>\n<\/td>\n<td style=\"vertical-align: top; width: .6673in; padding: 2.0pt 3.0pt 2.0pt 3.0pt; border: 1pt solid #A3A3A3;\">\n<p style=\"margin: 0in; font-family: Calibri; font-size: 11.0pt;\">A2<\/p>\n<\/td>\n<td style=\"vertical-align: top; width: 1.0381in; padding: 2.0pt 3.0pt 2.0pt 3.0pt; border: 1pt solid #A3A3A3;\">\n<p style=\"margin: 0in; font-family: Calibri; font-size: 11.0pt;\">Mormorsfar<\/p>\n<\/td>\n<td style=\"vertical-align: top; width: 2.4097in; padding: 2.0pt 3.0pt 2.0pt 3.0pt; border: 1pt solid #A3A3A3;\">\n<p style=\"margin: 0in; font-family: Calibri; font-size: 11.0pt;\">Berry Vom Gohfelderland<\/p>\n<p style=\"margin: 0in; font-family: Calibri; font-size: 11.0pt;\">SCHH3, AK-D, FH<\/p>\n<p style=\"margin: 0in; font-family: Calibri; font-size: 11.0pt;\">SZ 1661299<\/p>\n<\/td>\n<td style=\"vertical-align: top; width: .5in; padding: 2.0pt 3.0pt 2.0pt 3.0pt; border: 1pt solid #A3A3A3;\">\n<p style=\"margin: 0in; font-family: Calibri; font-size: 11.0pt;\">*<\/p>\n<\/td>\n<\/tr>\n<tr>\n<td style=\"vertical-align: top; width: .7145in; padding: 2.0pt 3.0pt 2.0pt 3.0pt; border: 1pt solid #A3A3A3;\">\n<p style=\"margin: 0in; font-family: Calibri; font-size: 11.0pt;\">\n<\/td>\n<td style=\"vertical-align: top; width: 2.034in; padding: 2.0pt 3.0pt 2.0pt 3.0pt; border: 1pt solid #A3A3A3;\">\n<p style=\"margin: 0in; font-family: Calibri; font-size: 11.0pt;\">\n<\/td>\n<td style=\"vertical-align: top; width: .6673in; padding: 2.0pt 3.0pt 2.0pt 3.0pt; border: 1pt solid #A3A3A3;\">\n<p style=\"margin: 0in; font-family: Calibri; font-size: 11.0pt;\">\n<\/td>\n<td style=\"vertical-align: top; width: 1.0576in; padding: 2.0pt 3.0pt 2.0pt 3.0pt; border: 1pt solid #A3A3A3;\">\n<p style=\"margin: 0in; font-family: Calibri; font-size: 11.0pt;\">Mormorsmor<\/p>\n<\/td>\n<td style=\"vertical-align: top; width: 2.4097in; padding: 2.0pt 3.0pt 2.0pt 3.0pt; border: 1pt solid #A3A3A3;\">\n<p style=\"margin: 0in; font-family: Calibri; font-size: 11.0pt;\">Bessy Vom Hirschbergertor<\/p>\n<p style=\"margin: 0in; font-family: Calibri; font-size: 11.0pt;\">SCHH1, AK-D<\/p>\n<p style=\"margin: 0in; font-family: Calibri; font-size: 11.0pt;\">SZ 1679240<\/p>\n<\/td>\n<td style=\"vertical-align: top; width: .5in; padding: 2.0pt 3.0pt 2.0pt 3.0pt; border: 1pt solid #A3A3A3;\">\n<p style=\"margin: 0in; font-family: Calibri; font-size: 11.0pt;\">*<\/p>\n<\/td>\n<\/tr>\n<\/tbody>\n<\/table>\n<\/div>\n<p style=\"margin: 0in; font-family: Calibri; font-size: 12.0pt; color: #4f4f4f;\">Kalde navn: Heiko<\/p>\n<p style=\"margin: 0in; font-family: Calibri; font-size: 12.0pt; color: #4f4f4f;\">K\u00f8n : Han<\/p>\n<p style=\"margin: 0in; font-family: Calibri; font-size: 12.0pt; color: #4f4f4f;\">Indk\u00f8bt af forsvaret : 03 april 2002<\/p>\n<p style=\"margin: 0in; font-family: Calibri; font-size: 11.0pt; color: #4f4f4f;\">Heiko blev kort efter han kom hjem, indk\u00f8bt af forsvaret og inddraget under hvalpeordningen. Heiko bestod ret hurtigt de pr\u00f8ver han skulle og hans r\u00f8ngthen billeder af hofter \u2013 albuer og ryg var alle s\u00e6rdeles fine.<\/p>\n<p style=\"margin: 0in; font-family: Calibri; font-size: 11.0pt; color: #4f4f4f;\">Heiko har v\u00e6ret i aktiv tjeneste siden sommer 2002, Hans st\u00e6rke sider er hans s\u00e6rdeles gode og afbalancerede v\u00e6sen, hans nysgerrighed, hans omg\u00e6ngelighed b\u00e5de for andre hunde og mennesker.<\/p>\n<p style=\"margin: 0in; font-family: Calibri; font-size: 11.0pt; color: #4f4f4f;\">Heiko d\u00f8de m\u00e6t af dage 09 Juli 2011<\/p>\n<p style=\"margin: 0in; font-family: 'times new roman'; font-size: 12.0pt; color: #4f4f4f;\">\n<\/div>\n<\/div>\n<\/div>\n<p>[\/et_pb_text][\/et_pb_column][\/et_pb_row][\/et_pb_section]<\/p>\n","protected":false},"excerpt":{"rendered":"<p>[et_pb_section bb_built=&#8221;1&#8243;][et_pb_row][et_pb_column type=&#8221;1_3&#8243;][et_pb_image _builder_version=&#8221;3.0.97&#8243; show_in_lightbox=&#8221;off&#8221; url_new_window=&#8221;off&#8221; src=&#8221;http:\/\/gaardsdal.dk\/wp-content\/uploads\/2018\/02\/heiko_20050201_0073.jpg&#8221; always_center_on_mobile=&#8221;on&#8221; use_overlay=&#8221;off&#8221; force_fullwidth=&#8221;off&#8221; show_bottom_space=&#8221;on&#8221; \/][\/et_pb_column][et_pb_column type=&#8221;2_3&#8243;][et_pb_text _builder_version=&#8221;3.0.97&#8243; background_layout=&#8221;light&#8221;] Heiko Heiko er en gr\u00e5 sch\u00e6ferhund. Heiko fik jeg da han var 8 mdr. gammel fra kennel Rimo\u2019s som skulle lukke. Jeg var ovre og se p\u00e5 ham, og var ikke et \u00f8jeblik i tvivl om at han skulle afl\u00f8se [&hellip;]<\/p>\n","protected":false},"author":1,"featured_media":0,"parent":0,"menu_order":0,"comment_status":"closed","ping_status":"closed","template":"","meta":{"footnotes":""},"class_list":["post-51","page","type-page","status-publish","hentry"],"_links":{"self":[{"href":"https:\/\/www.gaardsdal.dk\/index.php\/wp-json\/wp\/v2\/pages\/51","targetHints":{"allow":["GET"]}}],"collection":[{"href":"https:\/\/www.gaardsdal.dk\/index.php\/wp-json\/wp\/v2\/pages"}],"about":[{"href":"https:\/\/www.gaardsdal.dk\/index.php\/wp-json\/wp\/v2\/types\/page"}],"author":[{"embeddable":true,"href":"https:\/\/www.gaardsdal.dk\/index.php\/wp-json\/wp\/v2\/users\/1"}],"replies":[{"embeddable":true,"href":"https:\/\/www.gaardsdal.dk\/index.php\/wp-json\/wp\/v2\/comments?post=51"}],"version-history":[{"count":5,"href":"https:\/\/www.gaardsdal.dk\/index.php\/wp-json\/wp\/v2\/pages\/51\/revisions"}],"predecessor-version":[{"id":235,"href":"https:\/\/www.gaardsdal.dk\/index.php\/wp-json\/wp\/v2\/pages\/51\/revisions\/235"}],"wp:attachment":[{"href":"https:\/\/www.gaardsdal.dk\/index.php\/wp-json\/wp\/v2\/media?parent=51"}],"curies":[{"name":"wp","href":"https:\/\/api.w.org\/{rel}","templated":true}]}}